{"id":578,"date":"2023-11-21T01:04:39","date_gmt":"2023-11-21T00:04:39","guid":{"rendered":"https:\/\/www.paolovillani.es\/producto\/ponte-di-rialto-poster-en-papel-fotografico\/"},"modified":"2023-11-21T01:04:48","modified_gmt":"2023-11-21T00:04:48","slug":"ponte-di-rialto-poster-en-papel-fotografico","status":"publish","type":"product","link":"https:\/\/www.paolovillani.es\/it\/producto\/ponte-di-rialto-poster-en-papel-fotografico\/","title":{"rendered":"Ponte di Rialto &#8211; P\u00f3ster en papel fotogr\u00e1fico"},"content":{"rendered":"<p>Este p\u00f3ster, en parte acabado satinado en parte acabado mate, dar\u00e1 un toque de sofisticaci\u00f3n a cualquier habitaci\u00f3n.<\/p>\n<p>\u2022 Grosor de 10 mil (0,25 mm)<br \/>\n\u2022 Ligeramente satinado<br \/>\n\u2022 Resistente a las huellas dactilares<br \/>\n\u2022 Papel procedente de Jap\u00f3n<\/p>\n","protected":false},"excerpt":{"rendered":"<p>Este p\u00f3ster, en parte acabado satinado en parte acabado mate, dar\u00e1 un toque de sofisticaci\u00f3n a cualquier habitaci\u00f3n. \u2022 Grosor de 10 mil (0,25 mm) \u2022 Ligeramente satinado \u2022 Resistente&#8230;<\/p>\n","protected":false},"featured_media":581,"template":"","meta":[],"product_brand":[],"product_cat":[46],"product_tag":[],"class_list":{"0":"post-578","1":"product","2":"type-product","3":"status-publish","4":"has-post-thumbnail","6":"product_cat-poster","8":"first","9":"instock","10":"taxable","11":"shipping-taxable","12":"purchasable","13":"product-type-variable"},"_links":{"self":[{"href":"https:\/\/www.paolovillani.es\/it\/wp-json\/wp\/v2\/product\/578","targetHints":{"allow":["GET"]}}],"collection":[{"href":"https:\/\/www.paolovillani.es\/it\/wp-json\/wp\/v2\/product"}],"about":[{"href":"https:\/\/www.paolovillani.es\/it\/wp-json\/wp\/v2\/types\/product"}],"wp:featuredmedia":[{"embeddable":true,"href":"https:\/\/www.paolovillani.es\/it\/wp-json\/wp\/v2\/media\/581"}],"wp:attachment":[{"href":"https:\/\/www.paolovillani.es\/it\/wp-json\/wp\/v2\/media?parent=578"}],"wp:term":[{"taxonomy":"product_brand","embeddable":true,"href":"https:\/\/www.paolovillani.es\/it\/wp-json\/wp\/v2\/product_brand?post=578"},{"taxonomy":"product_cat","embeddable":true,"href":"https:\/\/www.paolovillani.es\/it\/wp-json\/wp\/v2\/product_cat?post=578"},{"taxonomy":"product_tag","embeddable":true,"href":"https:\/\/www.paolovillani.es\/it\/wp-json\/wp\/v2\/product_tag?post=578"}],"curies":[{"name":"wp","href":"https:\/\/api.w.org\/{rel}","templated":true}]}}